{"id":8,"date":"2020-07-06T14:15:41","date_gmt":"2020-07-06T14:15:41","guid":{"rendered":"https:\/\/bridge381.qodeinteractive.com\/?page_id=8"},"modified":"2025-08-21T01:37:03","modified_gmt":"2025-08-21T01:37:03","slug":"home","status":"publish","type":"page","link":"https:\/\/xn--somoscauelas-ghb.com\/","title":{"rendered":"Home"},"content":{"rendered":"\t\t<div data-elementor-type=\"wp-page\" data-elementor-id=\"8\" class=\"elementor elementor-8\">\n\t\t\t\t<div class=\"elementor-element elementor-element-cd13a38 e-con-full e-flex parallax_section_no qode_elementor_container_no e-con e-parent\" data-id=\"cd13a38\" data-element_type=\"container\">\n\t\t\t\t<div class=\"elementor-element elementor-element-0cc6056 elementor-widget elementor-widget-image\" data-id=\"0cc6056\" data-element_type=\"widget\" data-widget_type=\"image.default\">\n\t\t\t\t\t\t\t\t\t\t\t\t\t\t\t<img fetchpriority=\"high\" decoding=\"async\" width=\"1280\" height=\"570\" src=\"https:\/\/xn--somoscauelas-ghb.com\/wp-content\/uploads\/2025\/08\/CANUELAS-medios-1280-x-570-px.png\" class=\"attachment-full size-full wp-image-306\" alt=\"\" srcset=\"https:\/\/xn--somoscauelas-ghb.com\/wp-content\/uploads\/2025\/08\/CANUELAS-medios-1280-x-570-px.png 1280w, https:\/\/xn--somoscauelas-ghb.com\/wp-content\/uploads\/2025\/08\/CANUELAS-medios-1280-x-570-px-300x134.png 300w, https:\/\/xn--somoscauelas-ghb.com\/wp-content\/uploads\/2025\/08\/CANUELAS-medios-1280-x-570-px-1024x456.png 1024w, https:\/\/xn--somoscauelas-ghb.com\/wp-content\/uploads\/2025\/08\/CANUELAS-medios-1280-x-570-px-768x342.png 768w, https:\/\/xn--somoscauelas-ghb.com\/wp-content\/uploads\/2025\/08\/CANUELAS-medios-1280-x-570-px-700x312.png 700w\" sizes=\"(max-width: 1280px) 100vw, 1280px\" \/>\t\t\t\t\t\t\t\t\t\t\t\t\t\t\t<\/div>\n\t\t\t\t<\/div>\n\t\t\t\t<section class=\"elementor-section elementor-top-section elementor-element elementor-element-55b9317 elementor-section-boxed elementor-section-height-default elementor-section-height-default parallax_section_no qode_elementor_container_no\" data-id=\"55b9317\" data-element_type=\"section\">\n\t\t\t\t\t\t<div class=\"elementor-container elementor-column-gap-default\">\n\t\t\t\t\t<div class=\"elementor-column elementor-col-100 elementor-top-column elementor-element elementor-element-2ee319f\" data-id=\"2ee319f\" data-element_type=\"column\">\n\t\t\t<div class=\"elementor-widget-wrap elementor-element-populated\">\n\t\t\t\t\t\t<div class=\"elementor-element elementor-element-b00e8ef elementor-widget elementor-widget-heading\" data-id=\"b00e8ef\" data-element_type=\"widget\" data-widget_type=\"heading.default\">\n\t\t\t\t\t<h3 class=\"elementor-heading-title elementor-size-default\">SOMOS LA MEJOR ALTERNATIVA PARA CA\u00d1UELAS\n<\/h3>\t\t\t\t<\/div>\n\t\t\t\t<div class=\"elementor-element elementor-element-d1b24bf elementor-widget elementor-widget-spacer\" data-id=\"d1b24bf\" data-element_type=\"widget\" data-widget_type=\"spacer.default\">\n\t\t\t\t\t\t\t<div class=\"elementor-spacer\">\n\t\t\t<div class=\"elementor-spacer-inner\"><\/div>\n\t\t<\/div>\n\t\t\t\t\t\t<\/div>\n\t\t\t\t<div class=\"elementor-element elementor-element-a041c92 elementor-widget elementor-widget-text-editor\" data-id=\"a041c92\" data-element_type=\"widget\" data-widget_type=\"text-editor.default\">\n\t\t\t\t\t\t\t\t\t<p>Sabemos lo que te preocupa:<br \/>La creciente inseguridad en tu barrio.<br \/>La falta de atenci\u00f3n en el sistema de salud.<br \/>Las escuelas deterioradas.<br \/>Calles rotas y veredas abandonadas.<br \/>Falta de iluminaci\u00f3n en muchas zonas.<br \/>Cortes de luz y un transporte p\u00fablico deficiente.<br \/>Tr\u00e1nsito desordenado y sin controles.<\/p><p>Desde SOMOS BUENOS AIRES nos proponemos:<\/p><p>Estar cerca, escucharte y ponernos en tu lugar.<br \/>Representarte con compromiso en el Concejo Deliberante.<br \/>Ser la voz que reclame por tus derechos.<br \/>Gestionar soluciones reales y concretas.<\/p><p>No somos parte de los extremos que s\u00f3lo discuten pol\u00edtica nacional.<br \/>Somos la alternativa que pone a Ca\u00f1uelas en el centro del debate.<\/p><p style=\"text-align: center;\">.\u00a0<\/p>\t\t\t\t\t\t\t\t<\/div>\n\t\t\t\t<div class=\"elementor-element elementor-element-81fc02b elementor-widget elementor-widget-spacer\" data-id=\"81fc02b\" data-element_type=\"widget\" data-widget_type=\"spacer.default\">\n\t\t\t\t\t\t\t<div class=\"elementor-spacer\">\n\t\t\t<div class=\"elementor-spacer-inner\"><\/div>\n\t\t<\/div>\n\t\t\t\t\t\t<\/div>\n\t\t\t\t<div class=\"elementor-element elementor-element-41f4cb7 elementor-widget elementor-widget-image\" data-id=\"41f4cb7\" data-element_type=\"widget\" data-widget_type=\"image.default\">\n\t\t\t\t\t\t\t\t\t\t\t\t\t\t\t<img decoding=\"async\" width=\"300\" height=\"150\" src=\"https:\/\/xn--somoscauelas-ghb.com\/wp-content\/uploads\/2025\/08\/fDiseno-sin-titulo.png\" class=\"attachment-large size-large wp-image-309\" alt=\"\" \/>\t\t\t\t\t\t\t\t\t\t\t\t\t\t\t<\/div>\n\t\t\t\t\t<\/div>\n\t\t<\/div>\n\t\t\t\t\t<\/div>\n\t\t<\/section>\n\t\t<div class=\"elementor-element elementor-element-963e1fd e-flex e-con-boxed parallax_section_no qode_elementor_container_no e-con e-parent\" data-id=\"963e1fd\" data-element_type=\"container\">\n\t\t\t\t\t<div class=\"e-con-inner\">\n\t\t<div class=\"elementor-element elementor-element-e4eea8a e-con-full e-flex parallax_section_no qode_elementor_container_no e-con e-child\" data-id=\"e4eea8a\" data-element_type=\"container\">\n\t\t\t\t<\/div>\n\t\t<div class=\"elementor-element elementor-element-bf62714 e-con-full e-flex parallax_section_no qode_elementor_container_no e-con e-child\" data-id=\"bf62714\" data-element_type=\"container\">\n\t\t\t\t<div class=\"elementor-element elementor-element-65d2279 elementor-widget elementor-widget-qi_addons_for_elementor_button\" data-id=\"65d2279\" data-element_type=\"widget\" data-widget_type=\"qi_addons_for_elementor_button.default\">\n\t\t\t\t<div class=\"elementor-widget-container\">\n\t\t\t\t\t<a class=\"qodef-shortcode qodef-m qodef-qi-button qodef-html--link qodef-layout--filled qodef-type--standard qodef-icon--right qodef-hover--icon-move-horizontal-short\" href=\"https:\/\/somosca\u00f1uelas.com\/index.php\/anadir-anuncios\/reclamos\/\" target=\"_self\">\n\t<span class=\"qodef-m-text\">Sumate<\/span>\n\t<\/a>\n\t\t\t\t<\/div>\n\t\t\t\t<\/div>\n\t\t\t\t<\/div>\n\t\t<div class=\"elementor-element elementor-element-17ef401 e-con-full e-flex parallax_section_no qode_elementor_container_no e-con e-child\" data-id=\"17ef401\" data-element_type=\"container\">\n\t\t\t\t<div class=\"elementor-element elementor-element-7aea69d elementor-widget elementor-widget-qi_addons_for_elementor_button\" data-id=\"7aea69d\" data-element_type=\"widget\" data-widget_type=\"qi_addons_for_elementor_button.default\">\n\t\t\t\t<div class=\"elementor-widget-container\">\n\t\t\t\t\t<a class=\"qodef-shortcode qodef-m qodef-qi-button qodef-html--link qodef-layout--filled qodef-type--standard qodef-icon--right qodef-hover--icon-move-horizontal-short\" href=\"https:\/\/somosca\u00f1uelas.com\/index.php\/proyectos\/\" target=\"_self\">\n\t<span class=\"qodef-m-text\">Proyectos<\/span>\n\t<\/a>\n\t\t\t\t<\/div>\n\t\t\t\t<\/div>\n\t\t\t\t<\/div>\n\t\t<div class=\"elementor-element elementor-element-6f3a268 e-con-full e-flex parallax_section_no qode_elementor_container_no e-con e-child\" data-id=\"6f3a268\" data-element_type=\"container\">\n\t\t\t\t<\/div>\n\t\t\t\t\t<\/div>\n\t\t\t\t<\/div>\n\t\t\t\t<\/div>\n\t\t","protected":false},"excerpt":{"rendered":"<p>SOMOS LA MEJOR ALTERNATIVA PARA CA\u00d1UELAS Sabemos lo que te preocupa:La creciente inseguridad en tu barrio.La falta de atenci\u00f3n en el sistema de salud.Las escuelas deterioradas.Calles rotas y veredas abandonadas.Falta de iluminaci\u00f3n en muchas zonas.Cortes de luz y un transporte p\u00fablico deficiente.Tr\u00e1nsito desordenado y sin&#8230;<\/p>\n","protected":false},"author":1,"featured_media":0,"parent":0,"menu_order":0,"comment_status":"closed","ping_status":"closed","template":"elementor_header_footer","meta":{"footnotes":""},"class_list":["post-8","page","type-page","status-publish","hentry"],"_links":{"self":[{"href":"https:\/\/xn--somoscauelas-ghb.com\/index.php\/wp-json\/wp\/v2\/pages\/8","targetHints":{"allow":["GET"]}}],"collection":[{"href":"https:\/\/xn--somoscauelas-ghb.com\/index.php\/wp-json\/wp\/v2\/pages"}],"about":[{"href":"https:\/\/xn--somoscauelas-ghb.com\/index.php\/wp-json\/wp\/v2\/types\/page"}],"author":[{"embeddable":true,"href":"https:\/\/xn--somoscauelas-ghb.com\/index.php\/wp-json\/wp\/v2\/users\/1"}],"replies":[{"embeddable":true,"href":"https:\/\/xn--somoscauelas-ghb.com\/index.php\/wp-json\/wp\/v2\/comments?post=8"}],"version-history":[{"count":0,"href":"https:\/\/xn--somoscauelas-ghb.com\/index.php\/wp-json\/wp\/v2\/pages\/8\/revisions"}],"wp:attachment":[{"href":"https:\/\/xn--somoscauelas-ghb.com\/index.php\/wp-json\/wp\/v2\/media?parent=8"}],"curies":[{"name":"wp","href":"https:\/\/api.w.org\/{rel}","templated":true}]}}